{"id":325,"date":"2018-05-31T17:04:46","date_gmt":"2018-05-31T17:04:46","guid":{"rendered":"http:\/\/affiliate-starter.jodoto.design\/?page_id=325"},"modified":"2018-06-01T14:18:43","modified_gmt":"2018-06-01T14:18:43","slug":"lektion-7-impressum-datenschutz","status":"publish","type":"page","link":"https:\/\/affiliate-starter.jodoto.design\/en\/lektion-7-impressum-datenschutz\/","title":{"rendered":"Lektion 7 \u2013 Impressum, Datenschutz &#038; DSGVO"},"content":{"rendered":"<p>[video_player type=&#8221;embed&#8221; style=&#8221;1&#8243; dimensions=&#8221;853&#215;480&#8243; width=&#8221;853&#8243; height=&#8221;480&#8243; align=&#8221;center&#8221; margin_top=&#8221;0&#8243; margin_bottom=&#8221;20&#8243; ipad_color=&#8221;black&#8221;]<img decoding=\"async\" loading=\"lazy\" src=\"https:\/\/affiliate-starter.jodoto.design\/wp-content\/plugins\/optimizePressPlugin\/lib\/images\/video_placeholder.png\" alt=\"PGlmcmFtZSB3aWR0aD0iNTYwIiBoZWlnaHQ9IjMxNSIgc3JjPSJodHRwczovL3d3dy55b3V0dWJlLW5vY29va2llLmNvbS9lbWJlZC9FOFVOZ0YzNEI5QT9yZWw9MCZhbXA7c2hvd2luZm89MCIgZnJhbWVib3JkZXI9IjAiIGFsbG93PSJhdXRvcGxheTsgZW5jcnlwdGVkLW1lZGlhIiBhbGxvd2Z1bGxzY3JlZW49IiI+PC9pZnJhbWU+\" width=\"1\" height=\"1\" \/>[\/video_player]<\/p>\n<p style=\"text-align: center;\">UPDATE !!! bei eRecht24\u00a0 (Stand: Juni 2018) ist es zur Zeit nur im Premium-Mitgliederbereich m\u00f6glich ein Impressum und eine Datenschutzerkl\u00e4rung nach DSGVO zu erstellen. Man hat aber die M\u00f6glichkeit das Abo monatlich zu k\u00fcndigen.<\/p>\n<p style=\"text-align: center;\">oder<\/p>\n<p style=\"text-align: center;\">schaut mal hier &gt;&gt;\u00a0<a href=\"https:\/\/datenschutz-generator.de\/\">https:\/\/datenschutz-generator.de\/<\/a><\/p>\n<p style=\"text-align: center;\">Einen sehr ausf\u00fchrlichen und kostenlosen Kurs zur DSGVO<br \/>\nfindet ihr hier &gt;&gt;\u00a0<a href=\"https:\/\/privacy.digistore24.com\/\">https:\/\/privacy.digistore24.com\/<\/a><\/p>\n<h2 style=\"text-align: center;\"><a href=\"http:\/\/affiliate-starter.jodoto.design\/lektion-6-cookie-law\/\">&lt;&lt; Lektion 6<\/a> | <a href=\"http:\/\/affiliate-starter.jodoto.design\/lektion-8-yoast-google-search-console\/\">Lektion 8 &gt;&gt;<\/a><\/h2>\n","protected":false},"excerpt":{"rendered":"<p>[video_player type=&#8221;embed&#8221; style=&#8221;1&#8243; dimensions=&#8221;853&#215;480&#8243; width=&#8221;853&#8243; height=&#8221;480&#8243; align=&#8221;center&#8221; margin_top=&#8221;0&#8243; margin_bottom=&#8221;20&#8243; ipad_color=&#8221;black&#8221;][\/video_player] UPDATE !!! bei eRecht24\u00a0 (Stand: Juni 2018) ist es zur Zeit nur im Premium-Mitgliederbereich m\u00f6glich ein Impressum und eine Datenschutzerkl\u00e4rung nach DSGVO zu erstellen. Man hat aber die M\u00f6glichkeit das Abo monatlich zu k\u00fcndigen. oder schaut mal hier &gt;&gt;\u00a0https:\/\/datenschutz-generator.de\/ Einen sehr ausf\u00fchrlichen und kostenlosen Kurs&hellip; <a class=\"more-link\" href=\"https:\/\/affiliate-starter.jodoto.design\/en\/lektion-7-impressum-datenschutz\/\">Continue reading <span class=\"screen-reader-text\">Lektion 7 \u2013 Impressum, Datenschutz &#038; DSGVO<\/span><\/a><\/p>\n","protected":false},"author":1,"featured_media":0,"parent":0,"menu_order":0,"comment_status":"closed","ping_status":"closed","template":"","meta":[],"translation":{"provider":"WPGlobus","version":"2.12.2","language":"en","enabled_languages":["de","en"],"languages":{"de":{"title":true,"content":true,"excerpt":false},"en":{"title":false,"content":false,"excerpt":false}}},"yoast_head":"<!-- This site is optimized with the Yoast SEO plugin v21.8.1 - https:\/\/yoast.com\/wordpress\/plugins\/seo\/ -->\n<title>Lektion 7 \u2013 Impressum, Datenschutz &amp; DSGVO -<\/title>\n<meta name=\"robots\" content=\"index, follow, max-snippet:-1, max-image-preview:large, max-video-preview:-1\" \/>\n<link rel=\"canonical\" href=\"https:\/\/affiliate-starter.jodoto.design\/lektion-7-impressum-datenschutz\/\" \/>\n<meta property=\"og:locale\" content=\"en_US\" \/>\n<meta property=\"og:type\" content=\"article\" \/>\n<meta property=\"og:title\" content=\"Lektion 7 \u2013 Impressum, Datenschutz &amp; DSGVO -\" \/>\n<meta property=\"og:url\" content=\"https:\/\/affiliate-starter.jodoto.design\/lektion-7-impressum-datenschutz\/\" \/>\n<meta property=\"article:modified_time\" content=\"2018-06-01T14:18:43+00:00\" \/>\n<meta property=\"og:image\" content=\"https:\/\/affiliate-starter.jodoto.design\/wp-content\/plugins\/optimizePressPlugin\/lib\/images\/video_placeholder.png\" \/>\n<meta name=\"twitter:card\" content=\"summary_large_image\" \/>\n<script type=\"application\/ld+json\" class=\"yoast-schema-graph\">{\"@context\":\"https:\/\/schema.org\",\"@graph\":[{\"@type\":\"WebPage\",\"@id\":\"https:\/\/affiliate-starter.jodoto.design\/lektion-7-impressum-datenschutz\/\",\"url\":\"https:\/\/affiliate-starter.jodoto.design\/lektion-7-impressum-datenschutz\/\",\"name\":\"Lektion 7 \u2013 Impressum, Datenschutz & DSGVO -\",\"isPartOf\":{\"@id\":\"https:\/\/affiliate-starter.jodoto.design\/#website\"},\"datePublished\":\"2018-05-31T17:04:46+00:00\",\"dateModified\":\"2018-06-01T14:18:43+00:00\",\"breadcrumb\":{\"@id\":\"https:\/\/affiliate-starter.jodoto.design\/lektion-7-impressum-datenschutz\/#breadcrumb\"},\"inLanguage\":\"en-US\",\"potentialAction\":[{\"@type\":\"ReadAction\",\"target\":[\"https:\/\/affiliate-starter.jodoto.design\/lektion-7-impressum-datenschutz\/\"]}]},{\"@type\":\"BreadcrumbList\",\"@id\":\"https:\/\/affiliate-starter.jodoto.design\/lektion-7-impressum-datenschutz\/#breadcrumb\",\"itemListElement\":[{\"@type\":\"ListItem\",\"position\":1,\"name\":\"Startseite\",\"item\":\"https:\/\/affiliate-starter.jodoto.design\/\"},{\"@type\":\"ListItem\",\"position\":2,\"name\":\"Lektion 7 \u2013 Impressum, Datenschutz &#038; DSGVO\"}]},{\"@type\":\"WebSite\",\"@id\":\"https:\/\/affiliate-starter.jodoto.design\/#website\",\"url\":\"https:\/\/affiliate-starter.jodoto.design\/\",\"name\":\"\",\"description\":\"\",\"potentialAction\":[{\"@type\":\"SearchAction\",\"target\":{\"@type\":\"EntryPoint\",\"urlTemplate\":\"https:\/\/affiliate-starter.jodoto.design\/?s={search_term_string}\"},\"query-input\":\"required name=search_term_string\"}],\"inLanguage\":\"en-US\"}]}<\/script>\n<!-- \/ Yoast SEO plugin. -->","yoast_head_json":{"title":"Lektion 7 \u2013 Impressum, Datenschutz & DSGVO -","robots":{"index":"index","follow":"follow","max-snippet":"max-snippet:-1","max-image-preview":"max-image-preview:large","max-video-preview":"max-video-preview:-1"},"canonical":"https:\/\/affiliate-starter.jodoto.design\/lektion-7-impressum-datenschutz\/","og_locale":"en_US","og_type":"article","og_title":"Lektion 7 \u2013 Impressum, Datenschutz & DSGVO -","og_url":"https:\/\/affiliate-starter.jodoto.design\/lektion-7-impressum-datenschutz\/","article_modified_time":"2018-06-01T14:18:43+00:00","og_image":[{"url":"https:\/\/affiliate-starter.jodoto.design\/wp-content\/plugins\/optimizePressPlugin\/lib\/images\/video_placeholder.png"}],"twitter_card":"summary_large_image","schema":{"@context":"https:\/\/schema.org","@graph":[{"@type":"WebPage","@id":"https:\/\/affiliate-starter.jodoto.design\/lektion-7-impressum-datenschutz\/","url":"https:\/\/affiliate-starter.jodoto.design\/lektion-7-impressum-datenschutz\/","name":"Lektion 7 \u2013 Impressum, Datenschutz & DSGVO -","isPartOf":{"@id":"https:\/\/affiliate-starter.jodoto.design\/#website"},"datePublished":"2018-05-31T17:04:46+00:00","dateModified":"2018-06-01T14:18:43+00:00","breadcrumb":{"@id":"https:\/\/affiliate-starter.jodoto.design\/lektion-7-impressum-datenschutz\/#breadcrumb"},"inLanguage":"en-US","potentialAction":[{"@type":"ReadAction","target":["https:\/\/affiliate-starter.jodoto.design\/lektion-7-impressum-datenschutz\/"]}]},{"@type":"BreadcrumbList","@id":"https:\/\/affiliate-starter.jodoto.design\/lektion-7-impressum-datenschutz\/#breadcrumb","itemListElement":[{"@type":"ListItem","position":1,"name":"Startseite","item":"https:\/\/affiliate-starter.jodoto.design\/"},{"@type":"ListItem","position":2,"name":"Lektion 7 \u2013 Impressum, Datenschutz &#038; DSGVO"}]},{"@type":"WebSite","@id":"https:\/\/affiliate-starter.jodoto.design\/#website","url":"https:\/\/affiliate-starter.jodoto.design\/","name":"","description":"","potentialAction":[{"@type":"SearchAction","target":{"@type":"EntryPoint","urlTemplate":"https:\/\/affiliate-starter.jodoto.design\/?s={search_term_string}"},"query-input":"required name=search_term_string"}],"inLanguage":"en-US"}]}},"_links":{"self":[{"href":"https:\/\/affiliate-starter.jodoto.design\/en\/wp-json\/wp\/v2\/pages\/325"}],"collection":[{"href":"https:\/\/affiliate-starter.jodoto.design\/en\/wp-json\/wp\/v2\/pages"}],"about":[{"href":"https:\/\/affiliate-starter.jodoto.design\/en\/wp-json\/wp\/v2\/types\/page"}],"author":[{"embeddable":true,"href":"https:\/\/affiliate-starter.jodoto.design\/en\/wp-json\/wp\/v2\/users\/1"}],"replies":[{"embeddable":true,"href":"https:\/\/affiliate-starter.jodoto.design\/en\/wp-json\/wp\/v2\/comments?post=325"}],"version-history":[{"count":4,"href":"https:\/\/affiliate-starter.jodoto.design\/en\/wp-json\/wp\/v2\/pages\/325\/revisions"}],"predecessor-version":[{"id":416,"href":"https:\/\/affiliate-starter.jodoto.design\/en\/wp-json\/wp\/v2\/pages\/325\/revisions\/416"}],"wp:attachment":[{"href":"https:\/\/affiliate-starter.jodoto.design\/en\/wp-json\/wp\/v2\/media?parent=325"}],"curies":[{"name":"wp","href":"https:\/\/api.w.org\/{rel}","templated":true}]}}