{"id":310,"date":"2018-05-31T16:00:57","date_gmt":"2018-05-31T16:00:57","guid":{"rendered":"http:\/\/affiliate-starter.jodoto.design\/?page_id=310"},"modified":"2021-04-13T16:20:21","modified_gmt":"2021-04-13T16:20:21","slug":"lektion-1-und-2-die-richtige-nische-finden-mit-google-keywordplaner","status":"publish","type":"page","link":"https:\/\/affiliate-starter.jodoto.design\/en\/lektion-1-und-2-die-richtige-nische-finden-mit-google-keywordplaner\/","title":{"rendered":"Lektion 1 und 2 \u2013 Die richtige Nische finden mit Google Keywordplaner (1\/2)"},"content":{"rendered":"<p><strong>Anmerkung<\/strong>:\u00a0Falls du Probleme beim Laden hast, pausiere einfach kurz das Video f\u00fcr 2-3min und dr\u00fccke dann wieder auf den Abspiel-Button. Wenn das nicht hilft, aktualisiere die Seite neu.<\/p>\n<p><strong>Ganz wichtig<\/strong>:\u00a0Schau dir zuerst ganz in Ruhe\u00a0<strong>Lektion 1 \u2013 4<\/strong>\u00a0an, bevor du selber Hand anlegst. Es ist wichtig, dass du dich nicht in der Nische vergreifst, da sonst die ganze harte Arbeit umsonst war\u00a0(den Fehler machen leider sehr viele)<\/p>\n<p>[video_player type=&#8221;embed&#8221; style=&#8221;1&#8243; dimensions=&#8221;853&#215;480&#8243; width=&#8221;853&#8243; height=&#8221;480&#8243; align=&#8221;center&#8221; margin_top=&#8221;0&#8243; margin_bottom=&#8221;20&#8243; ipad_color=&#8221;black&#8221;]<img decoding=\"async\" loading=\"lazy\" src=\"https:\/\/affiliate-starter.jodoto.design\/wp-content\/plugins\/optimizePressPlugin\/lib\/images\/video_placeholder.png\" alt=\"PGlmcmFtZSB3aWR0aD0iNTYwIiBoZWlnaHQ9IjMxNSIgc3JjPSJodHRwczovL3d3dy55b3V0dWJlLW5vY29va2llLmNvbS9lbWJlZC9sWHlQX2xpNDU3az9yZWw9MCZhbXA7c2hvd2luZm89MCIgZnJhbWVib3JkZXI9IjAiIGFsbG93PSJhdXRvcGxheTsgZW5jcnlwdGVkLW1lZGlhIiBhbGxvd2Z1bGxzY3JlZW49IiI+PC9pZnJhbWU+\" width=\"1\" height=\"1\" \/>[\/video_player]<\/p>\n<p style=\"text-align: center;\"><a href=\"https:\/\/www.adcell.de\/promotion\/click\/promoId\/157192\/slotId\/76002\">&gt;&gt; Ideen sammeln mit AdCell Partnerprogrammen &lt;&lt;<\/a><\/p>\n<h2 style=\"text-align: center;\"><a href=\"http:\/\/affiliate-starter.jodoto.design\/lektion-3-die-richtige-nische-finden-mit-dem-google-keywordplaner-2-2\/\"><strong>Lektion 3 &gt;&gt;<\/strong><\/a><\/h2>\n<p>&nbsp;<\/p>\n<header class=\"entry-header\">\n<h1 class=\"entry-title \" style=\"text-align: center;\">Gewerbeanmeldung und Steuern<\/h1>\n<hr class=\"featurette-divider __before_content\" \/>\n<\/header>\n<div class=\"entry-content\">\n<p>Jeder, der durch irgendwelche gesch\u00e4ftlichen Aktivit\u00e4ten eine Gewinnabsicht verfolgt, MUSS ein Gewerbe anmelden. Egal ob bereits Gewinne gemacht wurden oder nicht!<\/p>\n<p>Das sind nun deine Schritte:<\/p>\n<ol>\n<li>\u00a0Gehe in das Rathaus deiner Stadt und melde dich bei der\u00a0<strong>Gewerbemeldestelle<\/strong>\u00a0(Dort erh\u00e4lst du f\u00fcr 30\u20ac [Stand:2018] einen Gewerbeschein \u2013 Gib als Gesch\u00e4ftsaktivit\u00e4t dabei folgendes an: \u201e<strong>Vermittlung von Gesch\u00e4ftskontakten<\/strong>\u201e<\/li>\n<li>Du wirst in den n\u00e4chsten Wochen Post vom Finanzamt, der gesetzl.\u00a0Unfallversicherung und der IHK erhalten. Die letzten beiden kannst du ignorieren, denn du wirst\u00a0keine\u00a0IHK-Beitr\u00e4ge zahlen m\u00fcssen, solange du nicht im Handelsregister eingetragen bist und deine Einnahmen (nach Abzug der Kosten) 5200\u20ac [Stand: 2016] nicht \u00fcberschreiten. Au\u00dferdem besch\u00e4ftigst du ebenfalls keine Angestellten und musst daher niemanden versichern.<\/li>\n<li>Das Finanzamt hat dir also einen Brief mit einem\u00a0<strong>Fragebogen zur steuerlichen Erfassung<\/strong>\u00a0zugeschickt. Du f\u00fcllst diesen \u201e\u00e4hnlich\u201c nach folgendem Muster aus (<a href=\"https:\/\/www.youtube.com\/watch?v=vdrG8dXDKDQ\" target=\"_blank\" rel=\"noopener\">siehe Video<\/a>). Erst danach erh\u00e4lst du eine Steuernummer.\u00a0Hinweis: Du kannst und solltest von der\u00a0<strong>Kleinunternehmerregelung<\/strong>\u00a0Gebrauch machen, solange dein Umsatz im laufenden Jahr 50.000\u20ac\u00a0nicht \u00fcbersteigt (und im vorangegangenen Kalenderjahr 17.500\u20ac nicht \u00fcberstiegen hat \u2013 Auf gut Deutsch: Verdienst du mit deinem Gewerbe pro Monat mehr als 1458,3 \u20ac, so kannst du keine Kleinunternehmerregelung in Anspruch nehmen). Du musst als Kleinunternehmer\u00a0keineUmsatzsteuer abf\u00fchren und zahlst auch\u00a0keine\u00a0Gewerbesteuer. Somit hast du also viel weniger b\u00fcrokratischen Aufwand und musst nur lediglich f\u00fcr jedes Jahr eine\u00a0<strong>Einnahmen-\u00dcberschuss Rechnung<\/strong>\u00a0machen, welche du der Einkommensteuererkl\u00e4rung beif\u00fcgst (Frist f\u00fcr die Abgage der Est-Erkl\u00e4rung ist jeweils Ende Mai \u2013 f\u00fcr das Jahr davor). Diese E\u00dc-Rechnung ist absolut simpel: Du f\u00fchrst\u00a02 Spalten auf, wobei in die eine alle deine betrieblichen Ausgaben (Laptop, B\u00fcrostuhl,\u2026) und in die andere Spalte deine Einnahmen kommen (i.d.F. Affiliate Provisionen).<\/li>\n<li>Als letztes bleibt aber noch die Einkommensteuer, die jeder zu zahlen hat, egal ob Selbst\u00e4ndiger oder Angestellter. Es gibt hier aber einen Einkommensteuerfreibetrag: Wenn deine Einnahmen im laufenden Kalenderjahr (nach Abzug aller Kosten) 8652\u20ac nicht \u00fcbersteigen, zahlst du\u00a0keine\u00a0Einkommensteuer. Ansonsten h\u00e4ngt die\u00a0H\u00f6he der Einkommensteuer von deiner Steuerklasse ab.<\/li>\n<\/ol>\n<p>Nachteil der Kleinunternehmerregelung:<\/p>\n<p>Wer keine Umsatzsteuer abf\u00fchren muss, darf aber auch leider keine gezahlte Vorsteuer (=Umsatzsteuer, die der Unternehmer zahlt) beim Finanzamt zur\u00fcckfordern. D.h. du wirst in dem Fall wie ein normaler Konsument behandelt und zahlst bei allen Anschaffungen den vollen Preis, inkl. MwSt.<\/p>\n<p>Vorteil:<\/p>\n<p>Weniger b\u00fcrokratischer Aufwand, da keine\u00a0USt. monatlich an das Finanzamt abgef\u00fchrt werden muss.<\/p>\n<p>*Disclaimer: F\u00fcr die Richtigkeit und Aktualit\u00e4t der Inhalte auf dieser Seite \u00fcbernehme ich keine Verantwortung!<\/p>\n<\/div>\n","protected":false},"excerpt":{"rendered":"<p>Anmerkung:\u00a0Falls du Probleme beim Laden hast, pausiere einfach kurz das Video f\u00fcr 2-3min und dr\u00fccke dann wieder auf den Abspiel-Button. Wenn das nicht hilft, aktualisiere die Seite neu. Ganz wichtig:\u00a0Schau dir zuerst ganz in Ruhe\u00a0Lektion 1 \u2013 4\u00a0an, bevor du selber Hand anlegst. Es ist wichtig, dass du dich nicht in der Nische vergreifst, da&hellip; <a class=\"more-link\" href=\"https:\/\/affiliate-starter.jodoto.design\/en\/lektion-1-und-2-die-richtige-nische-finden-mit-google-keywordplaner\/\">Continue reading <span class=\"screen-reader-text\">Lektion 1 und 2 \u2013 Die richtige Nische finden mit Google Keywordplaner (1\/2)<\/span><\/a><\/p>\n","protected":false},"author":1,"featured_media":0,"parent":0,"menu_order":0,"comment_status":"closed","ping_status":"closed","template":"","meta":[],"translation":{"provider":"WPGlobus","version":"2.12.2","language":"en","enabled_languages":["de","en"],"languages":{"de":{"title":true,"content":true,"excerpt":false},"en":{"title":false,"content":false,"excerpt":false}}},"yoast_head":"<!-- This site is optimized with the Yoast SEO plugin v21.8.1 - https:\/\/yoast.com\/wordpress\/plugins\/seo\/ -->\n<title>Lektion 1 und 2 \u2013 Die richtige Nische finden mit Google Keywordplaner (1\/2) -<\/title>\n<meta name=\"robots\" content=\"index, follow, max-snippet:-1, max-image-preview:large, max-video-preview:-1\" \/>\n<link rel=\"canonical\" href=\"https:\/\/affiliate-starter.jodoto.design\/lektion-1-und-2-die-richtige-nische-finden-mit-google-keywordplaner\/\" \/>\n<meta property=\"og:locale\" content=\"en_US\" \/>\n<meta property=\"og:type\" content=\"article\" \/>\n<meta property=\"og:title\" content=\"Lektion 1 und 2 \u2013 Die richtige Nische finden mit Google Keywordplaner (1\/2) -\" \/>\n<meta property=\"og:url\" content=\"https:\/\/affiliate-starter.jodoto.design\/lektion-1-und-2-die-richtige-nische-finden-mit-google-keywordplaner\/\" \/>\n<meta property=\"article:modified_time\" content=\"2021-04-13T16:20:21+00:00\" \/>\n<meta property=\"og:image\" content=\"https:\/\/affiliate-starter.jodoto.design\/wp-content\/plugins\/optimizePressPlugin\/lib\/images\/video_placeholder.png\" \/>\n<meta name=\"twitter:card\" content=\"summary_large_image\" \/>\n<meta name=\"twitter:label1\" content=\"Est. reading time\" \/>\n\t<meta name=\"twitter:data1\" content=\"3 minutes\" \/>\n<script type=\"application\/ld+json\" class=\"yoast-schema-graph\">{\"@context\":\"https:\/\/schema.org\",\"@graph\":[{\"@type\":\"WebPage\",\"@id\":\"https:\/\/affiliate-starter.jodoto.design\/lektion-1-und-2-die-richtige-nische-finden-mit-google-keywordplaner\/\",\"url\":\"https:\/\/affiliate-starter.jodoto.design\/lektion-1-und-2-die-richtige-nische-finden-mit-google-keywordplaner\/\",\"name\":\"Lektion 1 und 2 \u2013 Die richtige Nische finden mit Google Keywordplaner (1\/2) -\",\"isPartOf\":{\"@id\":\"https:\/\/affiliate-starter.jodoto.design\/#website\"},\"datePublished\":\"2018-05-31T16:00:57+00:00\",\"dateModified\":\"2021-04-13T16:20:21+00:00\",\"breadcrumb\":{\"@id\":\"https:\/\/affiliate-starter.jodoto.design\/lektion-1-und-2-die-richtige-nische-finden-mit-google-keywordplaner\/#breadcrumb\"},\"inLanguage\":\"en-US\",\"potentialAction\":[{\"@type\":\"ReadAction\",\"target\":[\"https:\/\/affiliate-starter.jodoto.design\/lektion-1-und-2-die-richtige-nische-finden-mit-google-keywordplaner\/\"]}]},{\"@type\":\"BreadcrumbList\",\"@id\":\"https:\/\/affiliate-starter.jodoto.design\/lektion-1-und-2-die-richtige-nische-finden-mit-google-keywordplaner\/#breadcrumb\",\"itemListElement\":[{\"@type\":\"ListItem\",\"position\":1,\"name\":\"Startseite\",\"item\":\"https:\/\/affiliate-starter.jodoto.design\/\"},{\"@type\":\"ListItem\",\"position\":2,\"name\":\"Lektion 1 und 2 \u2013 Die richtige Nische finden mit Google Keywordplaner (1\/2)\"}]},{\"@type\":\"WebSite\",\"@id\":\"https:\/\/affiliate-starter.jodoto.design\/#website\",\"url\":\"https:\/\/affiliate-starter.jodoto.design\/\",\"name\":\"\",\"description\":\"\",\"potentialAction\":[{\"@type\":\"SearchAction\",\"target\":{\"@type\":\"EntryPoint\",\"urlTemplate\":\"https:\/\/affiliate-starter.jodoto.design\/?s={search_term_string}\"},\"query-input\":\"required name=search_term_string\"}],\"inLanguage\":\"en-US\"}]}<\/script>\n<!-- \/ Yoast SEO plugin. -->","yoast_head_json":{"title":"Lektion 1 und 2 \u2013 Die richtige Nische finden mit Google Keywordplaner (1\/2) -","robots":{"index":"index","follow":"follow","max-snippet":"max-snippet:-1","max-image-preview":"max-image-preview:large","max-video-preview":"max-video-preview:-1"},"canonical":"https:\/\/affiliate-starter.jodoto.design\/lektion-1-und-2-die-richtige-nische-finden-mit-google-keywordplaner\/","og_locale":"en_US","og_type":"article","og_title":"Lektion 1 und 2 \u2013 Die richtige Nische finden mit Google Keywordplaner (1\/2) -","og_url":"https:\/\/affiliate-starter.jodoto.design\/lektion-1-und-2-die-richtige-nische-finden-mit-google-keywordplaner\/","article_modified_time":"2021-04-13T16:20:21+00:00","og_image":[{"url":"https:\/\/affiliate-starter.jodoto.design\/wp-content\/plugins\/optimizePressPlugin\/lib\/images\/video_placeholder.png"}],"twitter_card":"summary_large_image","twitter_misc":{"Est. reading time":"3 minutes"},"schema":{"@context":"https:\/\/schema.org","@graph":[{"@type":"WebPage","@id":"https:\/\/affiliate-starter.jodoto.design\/lektion-1-und-2-die-richtige-nische-finden-mit-google-keywordplaner\/","url":"https:\/\/affiliate-starter.jodoto.design\/lektion-1-und-2-die-richtige-nische-finden-mit-google-keywordplaner\/","name":"Lektion 1 und 2 \u2013 Die richtige Nische finden mit Google Keywordplaner (1\/2) -","isPartOf":{"@id":"https:\/\/affiliate-starter.jodoto.design\/#website"},"datePublished":"2018-05-31T16:00:57+00:00","dateModified":"2021-04-13T16:20:21+00:00","breadcrumb":{"@id":"https:\/\/affiliate-starter.jodoto.design\/lektion-1-und-2-die-richtige-nische-finden-mit-google-keywordplaner\/#breadcrumb"},"inLanguage":"en-US","potentialAction":[{"@type":"ReadAction","target":["https:\/\/affiliate-starter.jodoto.design\/lektion-1-und-2-die-richtige-nische-finden-mit-google-keywordplaner\/"]}]},{"@type":"BreadcrumbList","@id":"https:\/\/affiliate-starter.jodoto.design\/lektion-1-und-2-die-richtige-nische-finden-mit-google-keywordplaner\/#breadcrumb","itemListElement":[{"@type":"ListItem","position":1,"name":"Startseite","item":"https:\/\/affiliate-starter.jodoto.design\/"},{"@type":"ListItem","position":2,"name":"Lektion 1 und 2 \u2013 Die richtige Nische finden mit Google Keywordplaner (1\/2)"}]},{"@type":"WebSite","@id":"https:\/\/affiliate-starter.jodoto.design\/#website","url":"https:\/\/affiliate-starter.jodoto.design\/","name":"","description":"","potentialAction":[{"@type":"SearchAction","target":{"@type":"EntryPoint","urlTemplate":"https:\/\/affiliate-starter.jodoto.design\/?s={search_term_string}"},"query-input":"required name=search_term_string"}],"inLanguage":"en-US"}]}},"_links":{"self":[{"href":"https:\/\/affiliate-starter.jodoto.design\/en\/wp-json\/wp\/v2\/pages\/310"}],"collection":[{"href":"https:\/\/affiliate-starter.jodoto.design\/en\/wp-json\/wp\/v2\/pages"}],"about":[{"href":"https:\/\/affiliate-starter.jodoto.design\/en\/wp-json\/wp\/v2\/types\/page"}],"author":[{"embeddable":true,"href":"https:\/\/affiliate-starter.jodoto.design\/en\/wp-json\/wp\/v2\/users\/1"}],"replies":[{"embeddable":true,"href":"https:\/\/affiliate-starter.jodoto.design\/en\/wp-json\/wp\/v2\/comments?post=310"}],"version-history":[{"count":12,"href":"https:\/\/affiliate-starter.jodoto.design\/en\/wp-json\/wp\/v2\/pages\/310\/revisions"}],"predecessor-version":[{"id":598,"href":"https:\/\/affiliate-starter.jodoto.design\/en\/wp-json\/wp\/v2\/pages\/310\/revisions\/598"}],"wp:attachment":[{"href":"https:\/\/affiliate-starter.jodoto.design\/en\/wp-json\/wp\/v2\/media?parent=310"}],"curies":[{"name":"wp","href":"https:\/\/api.w.org\/{rel}","templated":true}]}}