{"id":282,"date":"2018-04-27T15:40:22","date_gmt":"2018-04-27T15:40:22","guid":{"rendered":"http:\/\/affiliate-starter.jodoto.design\/?page_id=282"},"modified":"2021-04-13T16:20:21","modified_gmt":"2021-04-13T16:20:21","slug":"haftungsausschluss","status":"publish","type":"page","link":"https:\/\/affiliate-starter.jodoto.design\/en\/haftungsausschluss\/","title":{"rendered":"Haftungsausschlu\u00df"},"content":{"rendered":"<p class=\"p1\"><span class=\"s1\">Haftungsausschluss<\/span><\/p>\n<p class=\"p3\"><span class=\"s3\">Digistore24, Affilinet, Amazon, ADCELL, belboon\u00a0sind nicht Teilhaber oder Gr\u00fcnder dieser Seite und haften in keinster Weise f\u00fcr den Inhalt dieser Seite. Die benannten Unternehmen, dienen nur zur Verdeutlichung meiner\u00a0Prozesse und Strategien.<\/span><\/p>\n<p class=\"p3\"><span class=\"s3\">Alle hier vorgestellten Ergebnisse und Aussagen sind echt! Sie geben die Erfahrung meiner\u00a0Mitglieder und den Machern pers\u00f6nlich wieder. Bitte beachte aber, dass sie weder typisch sein m\u00fcssen noch zu 100% garantiert werden k\u00f6nnen.<\/span><\/p>\n<p class=\"p3\"><span class=\"s3\">Obwohl einige Anwender beispielsweise im Monat bis zu 10.000 Euro verdienen, darfst du nicht automatisch annehmen, dass du selbst auch derartig viel Geld verdienen wirst. Jeder Mensch ist anders und wendet das Wissen schneller oder langsamer in die Praxis um. Sehr viele Faktoren bestimmen, ob du schnell zum Ziel gelangst\u00a0oder nicht (beispielsweise deine Zeit, Familienstand, Disziplin, Vorstellungsverm\u00f6gen, Aufnahmeverm\u00f6gen und so weiter). Du kannst mehr erreichen oder auch weniger \u2013 auch das beste Regelwerk ist nur so gut wie der- oder diejenige, der\/die es anwendet.<\/span><\/p>\n<p class=\"p3\"><span class=\"s3\">Daher weise ich dich an dieser Stelle darauf hin, dass ich\u00a0keine Garantie f\u00fcr die Wirksamkeit oder f\u00fcr bestimmte Ergebnisse hier beim Affiliate Starter der \u00fcber affiliate-starter.jodoto.design vertrieben wird, \u00fcbernehmen kann\u00a0und will.<\/span><\/p>\n<p class=\"p3\"><span class=\"s3\"> Es ist durchaus m\u00f6glich genauso viel, oder sogar mehr Umsatz zu erwirtschaften. Jedoch h\u00e4ngt der Erfolg deines Business auch hier sehr stark von vielen verschiedenen Faktoren ab, sodass ich dir kein Umsatzziel garantieren kann.<\/span><\/p>\n<p class=\"p3\"><span class=\"s3\">Ich stehe\u00a0nat\u00fcrlich zu 100% hinter meinen Informationen und Produkt. Ich bin\u00a0fest davon \u00fcberzeugt und meine\u00a0Mitglieder beweisen t\u00e4glich aufs Neue, dass du damit deine finanzielle Freiheit\u00a0erreichen kannst. Ich kann\u00a0(und darf) aber nichts garantieren und ich verspreche\u00a0dir auch keine bestimmten Ergebnisse. Wie du sicher verstehen kannst, ist das auch gar nicht m\u00f6glich, denn zu viele Dinge beeinflussen die Entwicklung deines Businesses.<\/span><\/p>\n<p class=\"p3\"><span class=\"s3\">Um jedem die M\u00f6glichkeit zu bieten, seine eigene Meinung zu machen, biete ich eine<b>\u00a0begrenzte Geld zur\u00fcck Garantie<\/b>\u00a0an. Somit kann der Kunde, bedingungslos sein Geld innerhalb von 30 Tagen zur\u00fcck verlangen, sollte er nicht zu 100% zufrieden und gl\u00fccklich sein.<\/span><\/p>\n<p class=\"p3\"><span class=\"s3\">Wenn du aber bereit bist, etwas zu tun und die Ratschl\u00e4ge meiner Produkte so in die Praxis umsetzt, kannst du Erstaunliches vollbringen.<\/span><\/p>\n<p class=\"p3\"><span class=\"s3\">Einige Kunden senden mir\u00a0ihre Ergebnisse und Meinungen, die ich dann auch ggfls. au\u00dferhalb des Mitgliederbereichs ver\u00f6ffentliche. Diese Aussagen sind unverf\u00e4lscht, und wenn, dann einzig bei dem Benutzernamen und -foto zu Anonymisierungszwecken ver\u00e4ndert.\u00a0Auch wenn einige Kunden ihre Fortschritte sogar mit Bildmaterial, das sie \u00fcber den Mitgliederbereich zug\u00e4nglich machen, untermauern, kann ich nur schwer kontrollieren, ob alle Aussagen meiner Mitglieder auch wirklich der Wahrheit entsprechen. Nutze die Erfolge meiner\u00a0Mitglieder als Anregung oder Motivation. Ich gebe meinen Mitgliedern weder finanzielle noch sonstige Anreize, \u00fcbertriebene oder verf\u00e4lschte Beitr\u00e4ge zu ver\u00f6ffentlichen und gehe daher davon aus, dass die \u00fcberwiegende Mehrheit der Erfahrungsberichte genau das sind: Erfahrungsberichte. Beachte aber bitte trotzdem, dass es keine Garantie daf\u00fcr gibt, dass Sie vollst\u00e4ndig der Realit\u00e4t entsprechen.<\/span><\/p>\n<p class=\"p3\"><span class=\"s3\">Ich w\u00fcnsche\u00a0dir nun viel Erfolg!<\/span><\/p>\n<p class=\"p3\"><span class=\"s3\">Beste Gr\u00fc\u00dfe<\/span><\/p>\n<p class=\"p3\"><span class=\"s3\">Torsten<\/span><\/p>\n<p class=\"p3\"><span class=\"s3\">\u00a0<\/span><\/p>\n<p class=\"p3\"><span class=\"s3\"><b>Haftung f\u00fcr Inhalte<\/b><\/span><\/p>\n<p class=\"p3\"><span class=\"s3\">Als Diensteanbieter sind wir gem\u00e4\u00df \u00a7 7 Abs.1 TMG f\u00fcr eigene Inhalte auf diesen Seiten nach den allgemeinen Gesetzen verantwortlich. Nach \u00a7\u00a7 8 bis 10 TMG sind wir als Diensteanbieter jedoch nicht verpflichtet, \u00fcbermittelte oder gespeicherte fremde Informationen zu \u00fcberwachen oder nach Umst\u00e4nden zu forschen, die auf eine rechtswidrige T\u00e4tigkeit hinweisen. Verpflichtungen zur Entfernung oder Sperrung der Nutzung von Informationen nach den allgemeinen Gesetzen bleiben hiervon unber\u00fchrt. Eine diesbez\u00fcgliche Haftung ist jedoch erst ab dem Zeitpunkt der Kenntnis einer konkreten Rechtsverletzung m\u00f6glich. Bei Bekanntwerden von entsprechenden Rechtsverletzungen werden wir diese Inhalte umgehend entfernen.<\/span><\/p>\n<p class=\"p3\"><span class=\"s3\"><b>Haftung f\u00fcr Links<\/b><\/span><\/p>\n<p class=\"p3\"><span class=\"s3\">Unser Angebot enth\u00e4lt Links zu externen Webseiten Dritter, auf deren Inhalte wir keinen Einfluss haben. Deshalb k\u00f6nnen wir f\u00fcr diese fremden Inhalte auch keine Gew\u00e4hr \u00fcbernehmen. F\u00fcr die Inhalte der verlinkten Seiten ist stets der jeweilige Anbieter oder Betreiber der Seiten verantwortlich. Die verlinkten Seiten wurden zum Zeitpunkt der Verlinkung auf m\u00f6gliche Rechtsverst\u00f6\u00dfe \u00fcberpr\u00fcft. Rechtswidrige Inhalte waren zum Zeitpunkt der Verlinkung nicht erkennbar. Eine permanente inhaltliche Kontrolle der verlinkten Seiten ist jedoch ohne konkrete Anhaltspunkte einer Rechtsverletzung nicht zumutbar. Bei Bekanntwerden von Rechtsverletzungen werden wir derartige Links umgehend entfernen.<\/span><\/p>\n<p class=\"p3\"><span class=\"s3\"><b>Urheberrecht<\/b><\/span><\/p>\n<p class=\"p3\"><span class=\"s3\">Die durch die Seitenbetreiber erstellten Inhalte und Werke auf diesen Seiten unterliegen dem deutschen Urheberrecht. Die Vervielf\u00e4ltigung, Bearbeitung, Verbreitung und jede Art der Verwertung au\u00dferhalb der Grenzen des Urheberrechtes bed\u00fcrfen der schriftlichen Zustimmung des jeweiligen Autors bzw. Erstellers. Downloads und Kopien dieser Seite sind nur f\u00fcr den privaten, nicht kommerziellen Gebrauch gestattet. Soweit die Inhalte auf dieser Seite nicht vom Betreiber erstellt wurden, werden die Urheberrechte Dritter beachtet. Insbesondere werden Inhalte Dritter als solche gekennzeichnet. Sollten Sie trotzdem auf eine Urheberrechtsverletzung aufmerksam werden, bitten wir um einen entsprechenden Hinweis. Bei Bekanntwerden von Rechtsverletzungen werden wir derartige Inhalte umgehend entfernen.<\/span><\/p>\n<p class=\"p3\"><span class=\"s3\"><b>Dislcaimer<\/b><\/span><\/p>\n<p class=\"p4\"><span class=\"s2\">Ich, Torsten Seifert \u00fcbernehme keinerlei Verantwortung f\u00fcr die Richtigkeit und Aktualit\u00e4t der Inhalte auf dieser Webseite!<\/span><\/p>\n","protected":false},"excerpt":{"rendered":"<p>Haftungsausschluss Digistore24, Affilinet, Amazon, ADCELL, belboon\u00a0sind nicht Teilhaber oder Gr\u00fcnder dieser Seite und haften in keinster Weise f\u00fcr den Inhalt dieser Seite. Die benannten Unternehmen, dienen nur zur Verdeutlichung meiner\u00a0Prozesse und Strategien. Alle hier vorgestellten Ergebnisse und Aussagen sind echt! Sie geben die Erfahrung meiner\u00a0Mitglieder und den Machern pers\u00f6nlich wieder. Bitte beachte aber, dass sie&hellip; <a class=\"more-link\" href=\"https:\/\/affiliate-starter.jodoto.design\/en\/haftungsausschluss\/\">Continue reading <span class=\"screen-reader-text\">Haftungsausschlu\u00df<\/span><\/a><\/p>\n","protected":false},"author":1,"featured_media":0,"parent":0,"menu_order":0,"comment_status":"closed","ping_status":"closed","template":"","meta":[],"translation":{"provider":"WPGlobus","version":"2.12.2","language":"en","enabled_languages":["de","en"],"languages":{"de":{"title":true,"content":true,"excerpt":false},"en":{"title":false,"content":false,"excerpt":false}}},"yoast_head":"<!-- This site is optimized with the Yoast SEO plugin v21.8.1 - https:\/\/yoast.com\/wordpress\/plugins\/seo\/ -->\n<title>Haftungsausschlu\u00df -<\/title>\n<meta name=\"robots\" content=\"index, follow, max-snippet:-1, max-image-preview:large, max-video-preview:-1\" \/>\n<link rel=\"canonical\" href=\"https:\/\/affiliate-starter.jodoto.design\/haftungsausschluss\/\" \/>\n<meta property=\"og:locale\" content=\"en_US\" \/>\n<meta property=\"og:type\" content=\"article\" \/>\n<meta property=\"og:title\" content=\"Haftungsausschlu\u00df -\" \/>\n<meta property=\"og:url\" content=\"https:\/\/affiliate-starter.jodoto.design\/haftungsausschluss\/\" \/>\n<meta property=\"article:modified_time\" content=\"2021-04-13T16:20:21+00:00\" \/>\n<meta name=\"twitter:card\" content=\"summary_large_image\" \/>\n<meta name=\"twitter:label1\" content=\"Est. reading time\" \/>\n\t<meta name=\"twitter:data1\" content=\"4 minutes\" \/>\n<script type=\"application\/ld+json\" class=\"yoast-schema-graph\">{\"@context\":\"https:\/\/schema.org\",\"@graph\":[{\"@type\":\"WebPage\",\"@id\":\"https:\/\/affiliate-starter.jodoto.design\/haftungsausschluss\/\",\"url\":\"https:\/\/affiliate-starter.jodoto.design\/haftungsausschluss\/\",\"name\":\"Haftungsausschlu\u00df -\",\"isPartOf\":{\"@id\":\"https:\/\/affiliate-starter.jodoto.design\/#website\"},\"datePublished\":\"2018-04-27T15:40:22+00:00\",\"dateModified\":\"2021-04-13T16:20:21+00:00\",\"breadcrumb\":{\"@id\":\"https:\/\/affiliate-starter.jodoto.design\/haftungsausschluss\/#breadcrumb\"},\"inLanguage\":\"en-US\",\"potentialAction\":[{\"@type\":\"ReadAction\",\"target\":[\"https:\/\/affiliate-starter.jodoto.design\/haftungsausschluss\/\"]}]},{\"@type\":\"BreadcrumbList\",\"@id\":\"https:\/\/affiliate-starter.jodoto.design\/haftungsausschluss\/#breadcrumb\",\"itemListElement\":[{\"@type\":\"ListItem\",\"position\":1,\"name\":\"Startseite\",\"item\":\"https:\/\/affiliate-starter.jodoto.design\/\"},{\"@type\":\"ListItem\",\"position\":2,\"name\":\"Haftungsausschlu\u00df\"}]},{\"@type\":\"WebSite\",\"@id\":\"https:\/\/affiliate-starter.jodoto.design\/#website\",\"url\":\"https:\/\/affiliate-starter.jodoto.design\/\",\"name\":\"\",\"description\":\"\",\"potentialAction\":[{\"@type\":\"SearchAction\",\"target\":{\"@type\":\"EntryPoint\",\"urlTemplate\":\"https:\/\/affiliate-starter.jodoto.design\/?s={search_term_string}\"},\"query-input\":\"required name=search_term_string\"}],\"inLanguage\":\"en-US\"}]}<\/script>\n<!-- \/ Yoast SEO plugin. -->","yoast_head_json":{"title":"Haftungsausschlu\u00df -","robots":{"index":"index","follow":"follow","max-snippet":"max-snippet:-1","max-image-preview":"max-image-preview:large","max-video-preview":"max-video-preview:-1"},"canonical":"https:\/\/affiliate-starter.jodoto.design\/haftungsausschluss\/","og_locale":"en_US","og_type":"article","og_title":"Haftungsausschlu\u00df -","og_url":"https:\/\/affiliate-starter.jodoto.design\/haftungsausschluss\/","article_modified_time":"2021-04-13T16:20:21+00:00","twitter_card":"summary_large_image","twitter_misc":{"Est. reading time":"4 minutes"},"schema":{"@context":"https:\/\/schema.org","@graph":[{"@type":"WebPage","@id":"https:\/\/affiliate-starter.jodoto.design\/haftungsausschluss\/","url":"https:\/\/affiliate-starter.jodoto.design\/haftungsausschluss\/","name":"Haftungsausschlu\u00df -","isPartOf":{"@id":"https:\/\/affiliate-starter.jodoto.design\/#website"},"datePublished":"2018-04-27T15:40:22+00:00","dateModified":"2021-04-13T16:20:21+00:00","breadcrumb":{"@id":"https:\/\/affiliate-starter.jodoto.design\/haftungsausschluss\/#breadcrumb"},"inLanguage":"en-US","potentialAction":[{"@type":"ReadAction","target":["https:\/\/affiliate-starter.jodoto.design\/haftungsausschluss\/"]}]},{"@type":"BreadcrumbList","@id":"https:\/\/affiliate-starter.jodoto.design\/haftungsausschluss\/#breadcrumb","itemListElement":[{"@type":"ListItem","position":1,"name":"Startseite","item":"https:\/\/affiliate-starter.jodoto.design\/"},{"@type":"ListItem","position":2,"name":"Haftungsausschlu\u00df"}]},{"@type":"WebSite","@id":"https:\/\/affiliate-starter.jodoto.design\/#website","url":"https:\/\/affiliate-starter.jodoto.design\/","name":"","description":"","potentialAction":[{"@type":"SearchAction","target":{"@type":"EntryPoint","urlTemplate":"https:\/\/affiliate-starter.jodoto.design\/?s={search_term_string}"},"query-input":"required name=search_term_string"}],"inLanguage":"en-US"}]}},"_links":{"self":[{"href":"https:\/\/affiliate-starter.jodoto.design\/en\/wp-json\/wp\/v2\/pages\/282"}],"collection":[{"href":"https:\/\/affiliate-starter.jodoto.design\/en\/wp-json\/wp\/v2\/pages"}],"about":[{"href":"https:\/\/affiliate-starter.jodoto.design\/en\/wp-json\/wp\/v2\/types\/page"}],"author":[{"embeddable":true,"href":"https:\/\/affiliate-starter.jodoto.design\/en\/wp-json\/wp\/v2\/users\/1"}],"replies":[{"embeddable":true,"href":"https:\/\/affiliate-starter.jodoto.design\/en\/wp-json\/wp\/v2\/comments?post=282"}],"version-history":[{"count":1,"href":"https:\/\/affiliate-starter.jodoto.design\/en\/wp-json\/wp\/v2\/pages\/282\/revisions"}],"predecessor-version":[{"id":283,"href":"https:\/\/affiliate-starter.jodoto.design\/en\/wp-json\/wp\/v2\/pages\/282\/revisions\/283"}],"wp:attachment":[{"href":"https:\/\/affiliate-starter.jodoto.design\/en\/wp-json\/wp\/v2\/media?parent=282"}],"curies":[{"name":"wp","href":"https:\/\/api.w.org\/{rel}","templated":true}]}}